{"id":434,"date":"2018-12-21T14:44:01","date_gmt":"2018-12-21T14:44:01","guid":{"rendered":"http:\/\/prp.cepymearagon.es\/?page_id=434"},"modified":"2018-12-21T14:52:17","modified_gmt":"2018-12-21T14:52:17","slug":"todas-las-entradas","status":"publish","type":"page","link":"https:\/\/prp.cepymearagon.es\/index.php\/todas-las-entradas\/","title":{"rendered":"TODAS LAS ENTRADAS"},"content":{"rendered":"<hr \/>\n<p style=\"text-align: center;\"><style>.wp-show-posts-columns#wpsp-436 {margin-left: -2em; }.wp-show-posts-columns#wpsp-436 .wp-show-posts-inner {margin: 0 0 2em 2em; }<\/style><section id=\"wpsp-436\" class=\" wp-show-posts-columns wp-show-posts\" style=\"\"><article class=\" wp-show-posts-single post-451 post type-post status-publish format-standard hentry category-riesgos-psicosociales tag-riesgos-psicosociales tag-subvenciones wpsp-col-3\" itemtype=\"http:\/\/schema.org\/CreativeWork\" itemscope><div class=\"wp-show-posts-inner\" style=\"\">\t\t\t\t\t\t<header class=\"wp-show-posts-entry-header\">\n\t\t\t\t\t\t\t<h2 class=\"wp-show-posts-entry-title\" itemprop=\"headline\"><a href=\"https:\/\/prp.cepymearagon.es\/index.php\/2019\/07\/01\/subvencionespara-la-realizacion-de-acciones-en-materia-de-prevencion-de-factores-de-riesgo-de-naturaleza-psicosocial\/\" rel=\"bookmark\">SUBVENCIONES PARA LA REALIZACI\u00d3N DE ACCIONES EN MATERIA DE PREVENCI\u00d3N DE FACTORES DE RIESGO DE NATURALEZA PSICOSOCIAL<\/a><\/h2><div class=\"wp-show-posts-entry-meta wp-show-posts-entry-meta-below-title post-meta-inline\"><span class=\"wp-show-posts-posted-on wp-show-posts-meta\">\n\t\t\t\t\t<a href=\"https:\/\/prp.cepymearagon.es\/index.php\/2019\/07\/01\/subvencionespara-la-realizacion-de-acciones-en-materia-de-prevencion-de-factores-de-riesgo-de-naturaleza-psicosocial\/\" title=\"8:02 am\" rel=\"bookmark\"><time class=\"wp-show-posts-entry-date published\" datetime=\"2019-07-01T08:02:13+00:00\" itemprop=\"datePublished\">1 julio, 2019<\/time><time class=\"wp-show-posts-updated\" datetime=\"2019-07-01T08:12:02+00:00\" itemprop=\"dateModified\">1 julio, 2019<\/time><\/a>\n\t\t\t\t<\/span><\/div>\t\t\t\t\t\t<\/header><!-- .entry-header -->\n\t\t\t\t\t\t\t\t\t\t\t<div class=\"wp-show-posts-entry-summary\" itemprop=\"text\">\n\t\t\t\t\t\t\t<p>El Gobierno de Arag\u00f3n ha convocado subvenciones destinadas a la realizaci\u00f3n de acciones en materia de prevenci\u00f3n de factores de riesgo de naturaleza psicosocial en el \u00e1mbito territorial de la&#8230;<\/p>\n\t\t\t\t\t\t<\/div><!-- .entry-summary -->\n\t\t\t\t\t<div class=\"wpsp-read-more\"><a title=\"SUBVENCIONES PARA LA REALIZACI\u00d3N DE ACCIONES EN MATERIA DE PREVENCI\u00d3N DE FACTORES DE RIESGO DE NATURALEZA PSICOSOCIAL\" class=\"wp-show-posts-read-more\" href=\"https:\/\/prp.cepymearagon.es\/index.php\/2019\/07\/01\/subvencionespara-la-realizacion-de-acciones-en-materia-de-prevencion-de-factores-de-riesgo-de-naturaleza-psicosocial\/\">Seguir leyendo...<\/a><\/div><\/div><!-- wp-show-posts-inner --><\/article><article class=\" wp-show-posts-single post-440 post type-post status-publish format-standard hentry category-acoso-laboral-o-mobbing category-estres-laboral category-informacion-sobre-buenas-practicas category-riesgos-psicosociales tag-salud-laboral-personas-con-discapacidad tag-salud-psicosocial wpsp-col-3\" itemtype=\"http:\/\/schema.org\/CreativeWork\" itemscope><div class=\"wp-show-posts-inner\" style=\"\">\t\t\t\t\t\t<header class=\"wp-show-posts-entry-header\">\n\t\t\t\t\t\t\t<h2 class=\"wp-show-posts-entry-title\" itemprop=\"headline\"><a href=\"https:\/\/prp.cepymearagon.es\/index.php\/2018\/12\/28\/guia-para-la-promocion-de-la-salud-en-el-trabajo-para-personas-con-discapacidad-intelectual\/\" rel=\"bookmark\">GU\u00cdA PARA LA PROMOCI\u00d3N DE LA SALUD EN EL TRABAJO PARA PERSONAS CON DISCAPACIDAD INTELECTUAL<\/a><\/h2><div class=\"wp-show-posts-entry-meta wp-show-posts-entry-meta-below-title post-meta-inline\"><span class=\"wp-show-posts-posted-on wp-show-posts-meta\">\n\t\t\t\t\t<a href=\"https:\/\/prp.cepymearagon.es\/index.php\/2018\/12\/28\/guia-para-la-promocion-de-la-salud-en-el-trabajo-para-personas-con-discapacidad-intelectual\/\" title=\"1:48 pm\" rel=\"bookmark\"><time class=\"wp-show-posts-entry-date published\" datetime=\"2018-12-28T13:48:48+00:00\" itemprop=\"datePublished\">28 diciembre, 2018<\/time><\/a>\n\t\t\t\t<\/span><\/div>\t\t\t\t\t\t<\/header><!-- .entry-header -->\n\t\t\t\t\t\t\t\t\t\t\t<div class=\"wp-show-posts-entry-summary\" itemprop=\"text\">\n\t\t\t\t\t\t\t<p>El art\u00edculo 25 de la Ley de Prevenci\u00f3n de Riesgos Laborales establece el deber de protecci\u00f3n de los trabajadores especialmente sensibles a determinados riesgos, como es el caso de los&#8230;<\/p>\n\t\t\t\t\t\t<\/div><!-- .entry-summary -->\n\t\t\t\t\t<div class=\"wpsp-read-more\"><a title=\"GU\u00cdA PARA LA PROMOCI\u00d3N DE LA SALUD EN EL TRABAJO PARA PERSONAS CON DISCAPACIDAD INTELECTUAL\" class=\"wp-show-posts-read-more\" href=\"https:\/\/prp.cepymearagon.es\/index.php\/2018\/12\/28\/guia-para-la-promocion-de-la-salud-en-el-trabajo-para-personas-con-discapacidad-intelectual\/\">Seguir leyendo...<\/a><\/div><\/div><!-- wp-show-posts-inner --><\/article><article class=\" wp-show-posts-single post-428 post type-post status-publish format-standard hentry category-acoso-laboral-o-mobbing category-acoso-sexual category-acosos-laboral-o-mobbing category-estres-laboral category-factores-de-riesgos-psicosociales category-fatiga-mental category-herramientas-de-diagnostico-e-intervencion category-metodologias-de-evaluacion-de-riesgos-psicosociales category-metodologias-del-evaluacion-de-riesgos-psicosociales category-riesgos-psicosociales tag-evaluacion-de-riesgos-psicosociales tag-fpsico wpsp-col-3\" itemtype=\"http:\/\/schema.org\/CreativeWork\" itemscope><div class=\"wp-show-posts-inner\" style=\"\">\t\t\t\t\t\t<header class=\"wp-show-posts-entry-header\">\n\t\t\t\t\t\t\t<h2 class=\"wp-show-posts-entry-title\" itemprop=\"headline\"><a href=\"https:\/\/prp.cepymearagon.es\/index.php\/2018\/12\/21\/nueva-version-fpsico-4-0\/\" rel=\"bookmark\">NUEVA VERSI\u00d3N FPSICO 4.0<\/a><\/h2><div class=\"wp-show-posts-entry-meta wp-show-posts-entry-meta-below-title post-meta-inline\"><span class=\"wp-show-posts-posted-on wp-show-posts-meta\">\n\t\t\t\t\t<a href=\"https:\/\/prp.cepymearagon.es\/index.php\/2018\/12\/21\/nueva-version-fpsico-4-0\/\" title=\"2:09 pm\" rel=\"bookmark\"><time class=\"wp-show-posts-entry-date published\" datetime=\"2018-12-21T14:09:46+00:00\" itemprop=\"datePublished\">21 diciembre, 2018<\/time><time class=\"wp-show-posts-updated\" datetime=\"2018-12-21T14:10:05+00:00\" itemprop=\"dateModified\">21 diciembre, 2018<\/time><\/a>\n\t\t\t\t<\/span><\/div>\t\t\t\t\t\t<\/header><!-- .entry-header -->\n\t\t\t\t\t\t\t\t\t\t\t<div class=\"wp-show-posts-entry-summary\" itemprop=\"text\">\n\t\t\t\t\t\t\t<p>Los riesgos psicosociales, tal y como establece la Agencia Europea para la Seguridad y la Salud en Trabajo (EU-OSHA), son aquellos que est\u00e1n originados por una deficiente organizaci\u00f3n y gesti\u00f3n&#8230;<\/p>\n\t\t\t\t\t\t<\/div><!-- .entry-summary -->\n\t\t\t\t\t<div class=\"wpsp-read-more\"><a title=\"NUEVA VERSI\u00d3N FPSICO 4.0\" class=\"wp-show-posts-read-more\" href=\"https:\/\/prp.cepymearagon.es\/index.php\/2018\/12\/21\/nueva-version-fpsico-4-0\/\">Seguir leyendo...<\/a><\/div><\/div><!-- wp-show-posts-inner --><\/article><article class=\" wp-show-posts-single post-425 post type-post status-publish format-standard hentry category-estres-laboral category-fatiga-mental category-informacion-sobre-buenas-practicas tag-deporte-y-bienestar tag-estres tag-riesgos-psicosociales wpsp-col-3\" itemtype=\"http:\/\/schema.org\/CreativeWork\" itemscope><div class=\"wp-show-posts-inner\" style=\"\">\t\t\t\t\t\t<header class=\"wp-show-posts-entry-header\">\n\t\t\t\t\t\t\t<h2 class=\"wp-show-posts-entry-title\" itemprop=\"headline\"><a href=\"https:\/\/prp.cepymearagon.es\/index.php\/2018\/12\/19\/actividad-fisica-y-deporte-aliados-en-la-prevencion-de-riesgos-psicosociales\/\" rel=\"bookmark\">ACTIVIDAD F\u00cdSICA Y DEPORTE: ALIADOS EN LA PREVENCI\u00d3N DE RIESGOS PSICOSOCIALES<\/a><\/h2><div class=\"wp-show-posts-entry-meta wp-show-posts-entry-meta-below-title post-meta-inline\"><span class=\"wp-show-posts-posted-on wp-show-posts-meta\">\n\t\t\t\t\t<a href=\"https:\/\/prp.cepymearagon.es\/index.php\/2018\/12\/19\/actividad-fisica-y-deporte-aliados-en-la-prevencion-de-riesgos-psicosociales\/\" title=\"3:09 pm\" rel=\"bookmark\"><time class=\"wp-show-posts-entry-date published\" datetime=\"2018-12-19T15:09:04+00:00\" itemprop=\"datePublished\">19 diciembre, 2018<\/time><\/a>\n\t\t\t\t<\/span><\/div>\t\t\t\t\t\t<\/header><!-- .entry-header -->\n\t\t\t\t\t\t\t\t\t\t\t<div class=\"wp-show-posts-entry-summary\" itemprop=\"text\">\n\t\t\t\t\t\t\t<p>Existen m\u00faltiples estudios e investigaciones relacionadas con la actividad f\u00edsica y el deporte dentro del \u00e1mbito laboral. Todos ellos avalan la relaci\u00f3n existente entre pr\u00e1ctica deportiva y sus beneficios para&#8230;<\/p>\n\t\t\t\t\t\t<\/div><!-- .entry-summary -->\n\t\t\t\t\t<div class=\"wpsp-read-more\"><a title=\"ACTIVIDAD F\u00cdSICA Y DEPORTE: ALIADOS EN LA PREVENCI\u00d3N DE RIESGOS PSICOSOCIALES\" class=\"wp-show-posts-read-more\" href=\"https:\/\/prp.cepymearagon.es\/index.php\/2018\/12\/19\/actividad-fisica-y-deporte-aliados-en-la-prevencion-de-riesgos-psicosociales\/\">Seguir leyendo...<\/a><\/div><\/div><!-- wp-show-posts-inner --><\/article><article class=\" wp-show-posts-single post-421 post type-post status-publish format-standard hentry category-estres-laboral category-fatiga-mental tag-tecnoestres wpsp-col-3\" itemtype=\"http:\/\/schema.org\/CreativeWork\" itemscope><div class=\"wp-show-posts-inner\" style=\"\">\t\t\t\t\t\t<header class=\"wp-show-posts-entry-header\">\n\t\t\t\t\t\t\t<h2 class=\"wp-show-posts-entry-title\" itemprop=\"headline\"><a href=\"https:\/\/prp.cepymearagon.es\/index.php\/2018\/10\/24\/tecnoestres-el-estres-que-causa-la-tecnologia-medidas-para-prevenirlo\/\" rel=\"bookmark\">TECNOESTR\u00c9S: EL ESTR\u00c9S QUE CAUSA LA TECNOLOG\u00cdA: MEDIDAS PARA PREVENIRLO<\/a><\/h2><div class=\"wp-show-posts-entry-meta wp-show-posts-entry-meta-below-title post-meta-inline\"><span class=\"wp-show-posts-posted-on wp-show-posts-meta\">\n\t\t\t\t\t<a href=\"https:\/\/prp.cepymearagon.es\/index.php\/2018\/10\/24\/tecnoestres-el-estres-que-causa-la-tecnologia-medidas-para-prevenirlo\/\" title=\"5:15 pm\" rel=\"bookmark\"><time class=\"wp-show-posts-entry-date published\" datetime=\"2018-10-24T17:15:48+00:00\" itemprop=\"datePublished\">24 octubre, 2018<\/time><time class=\"wp-show-posts-updated\" datetime=\"2018-10-24T17:16:21+00:00\" itemprop=\"dateModified\">24 octubre, 2018<\/time><\/a>\n\t\t\t\t<\/span><\/div>\t\t\t\t\t\t<\/header><!-- .entry-header -->\n\t\t\t\t\t\t\t\t\t\t\t<div class=\"wp-show-posts-entry-summary\" itemprop=\"text\">\n\t\t\t\t\t\t\t<p>Las nuevas tecnolog\u00edas est\u00e1n transformando el panorama laboral, esto comporta profundos cambios en la manera trabajar. La aplicaci\u00f3n de estas tecnolog\u00edas aporta multitud de ventajas, pero tambi\u00e9n debemos conocer los&#8230;<\/p>\n\t\t\t\t\t\t<\/div><!-- .entry-summary -->\n\t\t\t\t\t<div class=\"wpsp-read-more\"><a title=\"TECNOESTR\u00c9S: EL ESTR\u00c9S QUE CAUSA LA TECNOLOG\u00cdA: MEDIDAS PARA PREVENIRLO\" class=\"wp-show-posts-read-more\" href=\"https:\/\/prp.cepymearagon.es\/index.php\/2018\/10\/24\/tecnoestres-el-estres-que-causa-la-tecnologia-medidas-para-prevenirlo\/\">Seguir leyendo...<\/a><\/div><\/div><!-- wp-show-posts-inner --><\/article><article class=\" wp-show-posts-single post-418 post type-post status-publish format-standard hentry category-factores-de-riesgos-psicosociales category-informacion-sobre-buenas-practicas category-riesgos-psicosociales tag-jornada tag-nuevas-tecnologias-riesgos-y-utilidades-en-prl tag-prl wpsp-col-3\" itemtype=\"http:\/\/schema.org\/CreativeWork\" itemscope><div class=\"wp-show-posts-inner\" style=\"\">\t\t\t\t\t\t<header class=\"wp-show-posts-entry-header\">\n\t\t\t\t\t\t\t<h2 class=\"wp-show-posts-entry-title\" itemprop=\"headline\"><a href=\"https:\/\/prp.cepymearagon.es\/index.php\/2018\/10\/01\/jornada-sobre-tecnologias-innovadoras-para-el-cumplimiento-de-las-obligaciones-en-materia-de-prl-la-rioja\/\" rel=\"bookmark\">JORNADA SOBRE TECNOLOG\u00cdAS INNOVADORAS PARA EL CUMPLIMIENTO DE LAS OBLIGACIONES EN MATERIA DE PRL LA RIOJA<\/a><\/h2><div class=\"wp-show-posts-entry-meta wp-show-posts-entry-meta-below-title post-meta-inline\"><span class=\"wp-show-posts-posted-on wp-show-posts-meta\">\n\t\t\t\t\t<a href=\"https:\/\/prp.cepymearagon.es\/index.php\/2018\/10\/01\/jornada-sobre-tecnologias-innovadoras-para-el-cumplimiento-de-las-obligaciones-en-materia-de-prl-la-rioja\/\" title=\"1:45 pm\" rel=\"bookmark\"><time class=\"wp-show-posts-entry-date published\" datetime=\"2018-10-01T13:45:06+00:00\" itemprop=\"datePublished\">1 octubre, 2018<\/time><\/a>\n\t\t\t\t<\/span><\/div>\t\t\t\t\t\t<\/header><!-- .entry-header -->\n\t\t\t\t\t\t\t\t\t\t\t<div class=\"wp-show-posts-entry-summary\" itemprop=\"text\">\n\t\t\t\t\t\t\t<p>CEPYME Arag\u00f3n con la financiaci\u00f3n de la Fundaci\u00f3n Estatal para la Prevenci\u00f3n de Riesgos Laborales, F.S.P. en el marco de la acci\u00f3n GABINETE T\u00c9CNICO DE PREVENCI\u00d3N Y SEGURIDAD INDUSTRIAL DE&#8230;<\/p>\n\t\t\t\t\t\t<\/div><!-- .entry-summary -->\n\t\t\t\t\t<div class=\"wpsp-read-more\"><a title=\"JORNADA SOBRE TECNOLOG\u00cdAS INNOVADORAS PARA EL CUMPLIMIENTO DE LAS OBLIGACIONES EN MATERIA DE PRL LA RIOJA\" class=\"wp-show-posts-read-more\" href=\"https:\/\/prp.cepymearagon.es\/index.php\/2018\/10\/01\/jornada-sobre-tecnologias-innovadoras-para-el-cumplimiento-de-las-obligaciones-en-materia-de-prl-la-rioja\/\">Seguir leyendo...<\/a><\/div><\/div><!-- wp-show-posts-inner --><\/article><article class=\" wp-show-posts-single post-413 post type-post status-publish format-standard hentry category-estres-laboral category-factores-de-riesgos-psicosociales category-riesgos-psicosociales tag-estres tag-estres-post-vacacional tag-riesgos-psicosociales wpsp-col-3\" itemtype=\"http:\/\/schema.org\/CreativeWork\" itemscope><div class=\"wp-show-posts-inner\" style=\"\">\t\t\t\t\t\t<header class=\"wp-show-posts-entry-header\">\n\t\t\t\t\t\t\t<h2 class=\"wp-show-posts-entry-title\" itemprop=\"headline\"><a href=\"https:\/\/prp.cepymearagon.es\/index.php\/2018\/09\/06\/sindrome-post-vacacional-pautas-para-superarlo\/\" rel=\"bookmark\">S\u00cdNDROME POST-VACACIONAL: PAUTAS PARA SUPERARLO<\/a><\/h2><div class=\"wp-show-posts-entry-meta wp-show-posts-entry-meta-below-title post-meta-inline\"><span class=\"wp-show-posts-posted-on wp-show-posts-meta\">\n\t\t\t\t\t<a href=\"https:\/\/prp.cepymearagon.es\/index.php\/2018\/09\/06\/sindrome-post-vacacional-pautas-para-superarlo\/\" title=\"8:26 am\" rel=\"bookmark\"><time class=\"wp-show-posts-entry-date published\" datetime=\"2018-09-06T08:26:08+00:00\" itemprop=\"datePublished\">6 septiembre, 2018<\/time><\/a>\n\t\t\t\t<\/span><\/div>\t\t\t\t\t\t<\/header><!-- .entry-header -->\n\t\t\t\t\t\t\t\t\t\t\t<div class=\"wp-show-posts-entry-summary\" itemprop=\"text\">\n\t\t\t\t\t\t\t<p>Los trabajadores precisamos recuperarnos temporalmente del estr\u00e9s al que estamos sometidos a lo largo del a\u00f1o, necesitando periodos de vacaciones para asegurar nuestro bienestar. El n\u00famero de d\u00edas necesarios para&#8230;<\/p>\n\t\t\t\t\t\t<\/div><!-- .entry-summary -->\n\t\t\t\t\t<div class=\"wpsp-read-more\"><a title=\"S\u00cdNDROME POST-VACACIONAL: PAUTAS PARA SUPERARLO\" class=\"wp-show-posts-read-more\" href=\"https:\/\/prp.cepymearagon.es\/index.php\/2018\/09\/06\/sindrome-post-vacacional-pautas-para-superarlo\/\">Seguir leyendo...<\/a><\/div><\/div><!-- wp-show-posts-inner --><\/article><article class=\" wp-show-posts-single post-411 post type-post status-publish format-standard hentry category-informacion-sobre-buenas-practicas tag-jornada-prl tag-prevencion tag-tecnologias-innovadoras-en-materia-prl wpsp-col-3\" itemtype=\"http:\/\/schema.org\/CreativeWork\" itemscope><div class=\"wp-show-posts-inner\" style=\"\">\t\t\t\t\t\t<header class=\"wp-show-posts-entry-header\">\n\t\t\t\t\t\t\t<h2 class=\"wp-show-posts-entry-title\" itemprop=\"headline\"><a href=\"https:\/\/prp.cepymearagon.es\/index.php\/2018\/09\/03\/jornada-sobre-tecnologias-innovadoras-para-el-cumplimiento-de-las-obligaciones-en-materia-de-prevencion-de-riesgos-laborales\/\" rel=\"bookmark\">JORNADA SOBRE TECNOLOG\u00cdAS INNOVADORAS PARA EL CUMPLIMIENTO DE LAS OBLIGACIONES EN MATERIA DE PREVENCI\u00d3N DE RIESGOS LABORALES<\/a><\/h2><div class=\"wp-show-posts-entry-meta wp-show-posts-entry-meta-below-title post-meta-inline\"><span class=\"wp-show-posts-posted-on wp-show-posts-meta\">\n\t\t\t\t\t<a href=\"https:\/\/prp.cepymearagon.es\/index.php\/2018\/09\/03\/jornada-sobre-tecnologias-innovadoras-para-el-cumplimiento-de-las-obligaciones-en-materia-de-prevencion-de-riesgos-laborales\/\" title=\"1:28 pm\" rel=\"bookmark\"><time class=\"wp-show-posts-entry-date published\" datetime=\"2018-09-03T13:28:45+00:00\" itemprop=\"datePublished\">3 septiembre, 2018<\/time><\/a>\n\t\t\t\t<\/span><\/div>\t\t\t\t\t\t<\/header><!-- .entry-header -->\n\t\t\t\t\t\t\t\t\t\t\t<div class=\"wp-show-posts-entry-summary\" itemprop=\"text\">\n\t\t\t\t\t\t\t<p>CEPYME Arag\u00f3n con la financiaci\u00f3n de la Fundaci\u00f3n Estatal para la Prevenci\u00f3n de Riesgos Laborales, F.S.P. en el marco de la acci\u00f3n GABINETE T\u00c9CNICO DE PREVENCI\u00d3N Y SEGURIDAD INDUSTRIAL DE&#8230;<\/p>\n\t\t\t\t\t\t<\/div><!-- .entry-summary -->\n\t\t\t\t\t<div class=\"wpsp-read-more\"><a title=\"JORNADA SOBRE TECNOLOG\u00cdAS INNOVADORAS PARA EL CUMPLIMIENTO DE LAS OBLIGACIONES EN MATERIA DE PREVENCI\u00d3N DE RIESGOS LABORALES\" class=\"wp-show-posts-read-more\" href=\"https:\/\/prp.cepymearagon.es\/index.php\/2018\/09\/03\/jornada-sobre-tecnologias-innovadoras-para-el-cumplimiento-de-las-obligaciones-en-materia-de-prevencion-de-riesgos-laborales\/\">Seguir leyendo...<\/a><\/div><\/div><!-- wp-show-posts-inner --><\/article><div class=\"wpsp-clear\"><\/div><\/section><!-- .wp-show-posts --><div class=\"wpsp-load-more\"><span aria-current=\"page\" class=\"page-numbers current\">1<\/span>\n<a class=\"page-numbers\" href=\"https:\/\/prp.cepymearagon.es\/index.php\/wp-json\/wp\/v2\/pages\/434\/page\/2\/\">2<\/a>\n<a class=\"next page-numbers\" href=\"https:\/\/prp.cepymearagon.es\/index.php\/wp-json\/wp\/v2\/pages\/434\/page\/2\/\">Siguiente &rarr;<\/a><\/div>\n","protected":false},"excerpt":{"rendered":"","protected":false},"author":1,"featured_media":0,"parent":0,"menu_order":0,"comment_status":"closed","ping_status":"closed","template":"templates\/full-width-page.php","meta":{"jetpack_post_was_ever_published":false,"footnotes":""},"class_list":["post-434","page","type-page","status-publish","hentry"],"jetpack_sharing_enabled":true,"jetpack_shortlink":"https:\/\/wp.me\/P7VpP2-70","_links":{"self":[{"href":"https:\/\/prp.cepymearagon.es\/index.php\/wp-json\/wp\/v2\/pages\/434","targetHints":{"allow":["GET"]}}],"collection":[{"href":"https:\/\/prp.cepymearagon.es\/index.php\/wp-json\/wp\/v2\/pages"}],"about":[{"href":"https:\/\/prp.cepymearagon.es\/index.php\/wp-json\/wp\/v2\/types\/page"}],"author":[{"embeddable":true,"href":"https:\/\/prp.cepymearagon.es\/index.php\/wp-json\/wp\/v2\/users\/1"}],"replies":[{"embeddable":true,"href":"https:\/\/prp.cepymearagon.es\/index.php\/wp-json\/wp\/v2\/comments?post=434"}],"version-history":[{"count":3,"href":"https:\/\/prp.cepymearagon.es\/index.php\/wp-json\/wp\/v2\/pages\/434\/revisions"}],"predecessor-version":[{"id":438,"href":"https:\/\/prp.cepymearagon.es\/index.php\/wp-json\/wp\/v2\/pages\/434\/revisions\/438"}],"wp:attachment":[{"href":"https:\/\/prp.cepymearagon.es\/index.php\/wp-json\/wp\/v2\/media?parent=434"}],"curies":[{"name":"wp","href":"https:\/\/api.w.org\/{rel}","templated":true}]}}