{"id":227,"date":"2018-06-01T11:54:20","date_gmt":"2018-06-01T11:54:20","guid":{"rendered":"http:\/\/prp.cepymearagon.es\/?page_id=227"},"modified":"2018-06-06T21:20:21","modified_gmt":"2018-06-06T21:20:21","slug":"presentacion","status":"publish","type":"page","link":"https:\/\/prp.cepymearagon.es\/","title":{"rendered":""},"content":{"rendered":"<p><span style=\"color: #333333;\">El Objetivo de este \u201cCanal de Comunicaci\u00f3n en Riesgos Psicosociales\u201d, financiado por la Fundaci\u00f3n Estatal para la Prevenci\u00f3n de Riesgos Laborales, \u00a0es facilitar a empresarios, trabajadores y dem\u00e1s agentes implicados en la Prevenci\u00f3n de Riesgos Laborales toda la informaci\u00f3n referida a los riesgos psicosociales en el \u00e1mbito laboral y su prevenci\u00f3n para el fomento y el desarrollo de una cultura preventiva que permita la implantaci\u00f3n de la Prevenci\u00f3n de Riesgos Laborales de una forma eficaz y eficiente.<\/span><\/p>\n","protected":false},"excerpt":{"rendered":"<p>El Objetivo de este \u201cCanal de Comunicaci\u00f3n en Riesgos Psicosociales\u201d, financiado por la Fundaci\u00f3n Estatal para la Prevenci\u00f3n de Riesgos Laborales, \u00a0es facilitar a empresarios, trabajadores y dem\u00e1s agentes implicados en la Prevenci\u00f3n de Riesgos Laborales toda la informaci\u00f3n referida a los riesgos psicosociales en el \u00e1mbito laboral y su prevenci\u00f3n para el fomento y &hellip; <a href=\"https:\/\/prp.cepymearagon.es\/\" class=\"more-link\">Sigue leyendo <span class=\"screen-reader-text\"><\/span><\/a><\/p>\n","protected":false},"author":1,"featured_media":0,"parent":0,"menu_order":0,"comment_status":"closed","ping_status":"closed","template":"templates\/full-width-page.php","meta":{"jetpack_post_was_ever_published":false,"footnotes":""},"class_list":["post-227","page","type-page","status-publish","hentry"],"jetpack_sharing_enabled":true,"jetpack_shortlink":"https:\/\/wp.me\/P7VpP2-3F","_links":{"self":[{"href":"https:\/\/prp.cepymearagon.es\/index.php\/wp-json\/wp\/v2\/pages\/227","targetHints":{"allow":["GET"]}}],"collection":[{"href":"https:\/\/prp.cepymearagon.es\/index.php\/wp-json\/wp\/v2\/pages"}],"about":[{"href":"https:\/\/prp.cepymearagon.es\/index.php\/wp-json\/wp\/v2\/types\/page"}],"author":[{"embeddable":true,"href":"https:\/\/prp.cepymearagon.es\/index.php\/wp-json\/wp\/v2\/users\/1"}],"replies":[{"embeddable":true,"href":"https:\/\/prp.cepymearagon.es\/index.php\/wp-json\/wp\/v2\/comments?post=227"}],"version-history":[{"count":15,"href":"https:\/\/prp.cepymearagon.es\/index.php\/wp-json\/wp\/v2\/pages\/227\/revisions"}],"predecessor-version":[{"id":299,"href":"https:\/\/prp.cepymearagon.es\/index.php\/wp-json\/wp\/v2\/pages\/227\/revisions\/299"}],"wp:attachment":[{"href":"https:\/\/prp.cepymearagon.es\/index.php\/wp-json\/wp\/v2\/media?parent=227"}],"curies":[{"name":"wp","href":"https:\/\/api.w.org\/{rel}","templated":true}]}}