{"id":151,"date":"2018-05-31T17:59:33","date_gmt":"2018-05-31T17:59:33","guid":{"rendered":"http:\/\/prp.cepymearagon.es\/?page_id=151"},"modified":"2018-06-07T12:18:58","modified_gmt":"2018-06-07T12:18:58","slug":"estres-laboral","status":"publish","type":"page","link":"https:\/\/prp.cepymearagon.es\/index.php\/estres-laboral\/","title":{"rendered":"Estr\u00e9s Laboral:"},"content":{"rendered":"<p>Seg\u00fan definici\u00f3n de la Comisi\u00f3n Europea, el estr\u00e9s relacionado con el trabajo puede definirse como un proceso caracterizado por un conjunto de reacciones emocionales, cognitivas, fisiol\u00f3gicas y del comportamiento, ante la percepci\u00f3n de determinados aspectos nocivos o adversos del contenido, la organizaci\u00f3n o el entorno de trabajo. Es un estado que se caracteriza por altos niveles de excitaci\u00f3n y de angustia, con la frecuente sensaci\u00f3n de no poder hacer frente a la situaci\u00f3n.<\/p>\n<p>El organismo siempre se encuentra en un estado de estr\u00e9s m\u00ednimo que, ante determinadas situaciones, se incrementa pudiendo producir un efecto beneficioso o negativo, dependiendo de si la reacci\u00f3n del organismo es suficiente para cubrir una determinada demanda o \u00e9sta \u00absupera\u00bb a la persona. Este nivel de equilibrio depender\u00e1 de los factores individuales (disposici\u00f3n biol\u00f3gica y psicol\u00f3gica) de las distintas situaciones y experiencias.<\/p>\n<p>Hoy en d\u00eda, cobra importancia el t\u00e9rmino \u00a0<strong>\u201ctecnoestr\u00e9s\u201d,<\/strong> referido al estr\u00e9s espec\u00edfico derivado de la introducci\u00f3n y uso de nuevas tecnolog\u00eda en el trabajo que genera la necesidad de abordar los riesgos de las innovaciones tecnol\u00f3gicas en las empresas para poder prevenir su impacto a nivel tanto individual, como organizacional. Hace referencia a los problemas de adaptaci\u00f3n a las nuevas herramientas y sistemas tecnol\u00f3gicos y que causa problemas musculares, dolores de cabeza, fatiga mental y f\u00edsica, ansiedad, temor y aburrimiento.<\/p>\n<p>Dentro del \u00e1mbito del estr\u00e9s laboral, se considera otro tipo de estr\u00e9s el <strong>burnout<\/strong>, tambi\u00e9n conocido como \u201cs\u00edndrome de estar quemado en el trabajo\u00bb<em>, <\/em>que es una manifestaci\u00f3n del estr\u00e9s laboral cr\u00f3nico caracterizada por actitudes y sentimientos negativos hacia las personas con las que se trabaja y hacia el propio rol profesional, as\u00ed como por la vivencia de encontrarse emocionalmente agotado<\/p>\n<p>Se diferencia del estr\u00e9s como riesgo psicosocial por sus efectos en el agotamiento emocional, m\u00e1s que en el f\u00edsico, y su consiguiente p\u00e9rdida de motivaci\u00f3n personal.<\/p>\n<p>Las <strong>causas del estr\u00e9s<\/strong> son:<\/p>\n<p>Caracter\u00edsticas del trabajo:<\/p>\n<ul>\n<li>Tareas mon\u00f3tonas, aburridas, triviales y\/o desagradables.<\/li>\n<li>Exceso o escasez de trabajo<\/li>\n<li>Trabajos con plazos muy estrictos<\/li>\n<li>Horarios de trabajo estrictos e inflexibles, imprevisibles.<\/li>\n<li>Jornadas de trabajo muy largas o fuera del horario normal.<\/li>\n<li>Sistemas de turnos mal concebidos.<\/li>\n<li>Falta de participaci\u00f3n en la toma de decisiones.<\/li>\n<li>Falta de control sobre los m\u00e9todos de trabajo, ritmo de trabajo, horario laboral, etc.<\/li>\n<\/ul>\n<p>Contexto laboral:<\/p>\n<ul>\n<li>Inseguridad laboral<\/li>\n<li>Falta de perspectivas de promoci\u00f3n laboral<\/li>\n<li>Actividad poco valorada socialmente.<\/li>\n<li>Remuneraci\u00f3n baja<\/li>\n<li>Exceso o carencia de capacidades para el puesto.<\/li>\n<li>Puesto mal definido.<\/li>\n<li>Atender constantemente a otras personas y ocuparse de sus problemas.<\/li>\n<li>Malas relaciones con los compa\u00f1eros.<\/li>\n<li>Trabajo aislado o en solitario.<\/li>\n<li>Mala comunicaci\u00f3n.<\/li>\n<li>Liderazgo inadecuado.<\/li>\n<li>Exigencias contrapuestas entre la vida laboral y la vida familiar.<\/li>\n<\/ul>\n<p>Las <strong>consecuencias del estr\u00e9s<\/strong> son:<\/p>\n<p>Para el trabajador:<\/p>\n<ul>\n<li>Angustia, irritaci\u00f3n, cansancio, intranquilidad.<\/li>\n<li>Falta de concentraci\u00f3n.<\/li>\n<li>Dificultades para pensar y tomar decisiones.<\/li>\n<li>Falta de compromiso hacia el trabajo.<\/li>\n<li>Dificultades para dormir.<\/li>\n<li>Problemas de salud fi\u0301sica y\/o mental (enfermedades)<\/li>\n<li>Trastornos de depresio\u0301n y ansiedad<\/li>\n<li>Problemas familiares<\/li>\n<li>Riesgos de alcoholismo y otras adicciones<\/li>\n<\/ul>\n<p>Para la entidad:<\/p>\n<ul>\n<li>Reduccio\u0301n del rendimiento y de la productividad.<\/li>\n<li>Elevada rotaci\u00f3n.<\/li>\n<li>Aumento del absentismo.<\/li>\n<li>Aumento de las posibilidades de accidentes laborales.<\/li>\n<li>Aumento de las quejas de usuarios y clientes.<\/li>\n<li>Aumento de problemas legales ante las demandas presentadas por trabajadores que sufren estr\u00e9s.<\/li>\n<li>Deterioro de la imagen institucional.<\/li>\n<\/ul>\n<p><img decoding=\"async\" class=\"alignnone size-medium wp-image-203 aligncenter\" src=\"https:\/\/prp.cepymearagon.es\/wp-content\/uploads\/SEPARADOR.png\" width=\"600\" \/><\/p>\n<p><span style=\"color: #808080;\"><strong><p class=\"collapseomatic \" id=\"id6715\"  tabindex=\"0\" title=\"Enlaces relacionados con el estr\u00e9s laboral\"    >Enlaces relacionados con el estr\u00e9s laboral<\/p><div id=\"target-id6715\" class=\"collapseomatic_content \"><\/strong><\/span><\/p>\n<table align=\"center\">\n<tbody>\n<tr>\n<td bgcolor=\"#ffffff\"><span style=\"color: #808080;\"><a style=\"color: #808080;\" href=\"http:\/\/www.insht.es\/portal\/site\/RiesgosPsicosociales\/menuitem.9edd36b2409535e681828b5c180311a0\/?vgnextoid=fe5821a11d139410VgnVCM1000008130110aRCRD&amp;vgnextchannel=4fad84fbb7819410VgnVCM1000008130110aRCRD\"><strong>NTP\u2019s<\/strong><\/a><\/span><\/p>\n<ul>\n<li><span style=\"color: #808080;\"><a style=\"color: #808080;\" href=\"http:\/\/www.insht.es\/InshtWeb\/Contenidos\/Documentacion\/FichasTecnicas\/NTP\/Ficheros\/301a400\/ntp_318.pdf\">NTP 318: El estr\u00e9s: proceso de generaci\u00f3n en el \u00e1mbito laboral<\/a><\/span><\/li>\n<li><span style=\"color: #808080;\"><a style=\"color: #808080;\" href=\"http:\/\/www.insht.es\/InshtWeb\/Contenidos\/Documentacion\/FichasTecnicas\/NTP\/Ficheros\/501a600\/ntp_574.pdf\">NTP 574 : Estr\u00e9s en el colectivo docente: metodolog\u00eda para su evaluaci\u00f3n<\/a><\/span><\/li>\n<li><span style=\"color: #808080;\"><a style=\"color: #808080;\" href=\"http:\/\/www.insht.es\/InshtWeb\/Contenidos\/Documentacion\/FichasTecnicas\/NTP\/Ficheros\/601a700\/ntp_603.pdf\">NTP 603: Riesgo psicosocial: el modelo demanda-control-apoyo social (I)<\/a><\/span><\/li>\n<li><span style=\"color: #808080;\"><a style=\"color: #808080;\" href=\"http:\/\/www.insht.es\/InshtWeb\/Contenidos\/Documentacion\/FichasTecnicas\/NTP\/Ficheros\/601a700\/ntp_604.pdf\">NTP 604: Riesgo psicosocial: el modelo demanda-control-apoyo social (II)<\/a><\/span><\/li>\n<\/ul>\n<p><a style=\"color: #808080;\" href=\"http:\/\/www.insht.es\/portal\/site\/RiesgosPsicosociales\/menuitem.9edd36b2409535e681828b5c180311a0\/?vgnextoid=3e329096a6d29410VgnVCM1000008130110aRCRD&amp;vgnextchannel=993c84fbb7819410VgnVCM1000008130110aRCRD\"><strong>Manuales, Gu\u00edas y Publicaciones<\/strong><\/a><\/p>\n<ul>\n<li><span style=\"color: #808080;\"><a style=\"color: #808080;\" href=\"http:\/\/whqlibdoc.who.int\/publications\/1988\/9243561022_spa.pdf\">Los factores psicosociales en el trabajo y su relaci\u00f3n con la salud<\/a>. OMS<\/span><\/li>\n<li><span style=\"color: #808080;\"><a style=\"color: #808080;\" href=\"http:\/\/whqlibdoc.who.int\/publications\/2008\/9789243591650_spa.pdf\">Sensibilizando sobre el estr\u00e9s laboral en los Pa\u00edses en desarrollo<\/a>. OMS<\/span><\/li>\n<li><span style=\"color: #808080;\"><a style=\"color: #808080;\" href=\"http:\/\/www.juntadeandalucia.es\/empleo\/webiaprl\/larpsico\/sites\/es.empleo.webiaprl.larpsico\/files\/recursos\/documentacion_normativa\/REGULACIONESTRESLABORAL_1.pdf\">El estr\u00e9s laboral como riesgo psicosocial: actividad preventiva y correctora<\/a>. Laboratorio Observatorio de Riesgos Psicosociales de Andaluc\u00eda<\/span><\/li>\n<li><span style=\"color: #808080;\"><a style=\"color: #808080;\" href=\"http:\/\/www.insht.es\/InshtWeb\/Contenidos\/Documentacion\/FICHAS%20DE%20PUBLICACIONES\/FONDO%20HISTORICO\/DOCUMENTOS%20DIVULGATIVOS\/DocDivulgativos\/Fichero%20pdf\/Estres%20laboral.pdf\">Estr\u00e9s Laboral (INSSBT)<\/a><\/span><\/li>\n<li><span style=\"color: #808080;\"><a style=\"color: #808080;\" href=\"http:\/\/www.cdc.gov\/spanish\/niosh\/docs\/99-101_sp\/\">Estr\u00e9s en el trabajo<\/a>. NIOSH<\/span><\/li>\n<li><span style=\"color: #808080;\"><a style=\"color: #808080;\" href=\"http:\/\/www.cdc.gov\/spanish\/niosh\/docs\/2008-136_sp\/\">Exposici\u00f3n al estr\u00e9s: riesgos ocupacionales en los hospitales<\/a>. NIOSH<\/span><\/li>\n<li><span style=\"color: #808080;\"><a style=\"color: #808080;\" href=\"http:\/\/www.insht.es\/InshtWeb\/Contenidos\/Documentacion\/TextosOnline\/Folletos\/Ergonomia\/Ficheros\/Trabajemos_estres.pdf\">Trabajemos contra el estr\u00e9s. (INSSBT).<\/a><\/span><\/li>\n<li><span style=\"color: #808080;\"><a style=\"color: #808080;\" href=\"https:\/\/www.healthy-workplaces.eu\/es\">Campa\u00f1a Europea 2014-2015 \u201cTrabajos saludables: Gestionemos el estr\u00e9s\u201d<\/a> (AGE)<\/span><\/li>\n<li><span style=\"color: #808080;\"><a style=\"color: #808080;\" href=\"https:\/\/www.healthy-workplaces.eu\/es\/tools-and-resources\/practical-tools\">Herramientas pr\u00e1cticas para la gesti\u00f3n del estr\u00e9s y los riesgos psicosociales (EU-OSHA)<\/a><\/span><\/li>\n<li><span style=\"color: #808080;\"><a style=\"color: #808080;\" href=\"http:\/\/www.insht.es\/InshtWeb\/Contenidos\/Documentacion\/TextosOnline\/Rev_INSHT\/2009\/54\/54_fichas_practicas.pdf\">Fichas pr\u00e1cticas: Estr\u00e9s laboral y evaluaci\u00f3n de riesgos. <\/a>(AGE)<\/span><\/li>\n<\/ul>\n<\/td>\n<\/tr>\n<\/tbody>\n<\/table>\n<\/div>\n<p><span style=\"color: #808080;\"><strong><p class=\"collapseomatic \" id=\"id4972\"  tabindex=\"0\" title=\"Enlaces relacionados con las consecuencias del estr\u00e9s laboral\"    >Enlaces relacionados con las consecuencias del estr\u00e9s laboral<\/p><div id=\"target-id4972\" class=\"collapseomatic_content \"><\/strong><\/span><\/p>\n<table align=\"center\">\n<tbody>\n<tr>\n<td bgcolor=\"#ffffff\"><span style=\"color: #808080;\"><a style=\"color: #808080;\" href=\"http:\/\/www.insht.es\/portal\/site\/RiesgosPsicosociales\/menuitem.9edd36b2409535e681828b5c180311a0\/?vgnextoid=534a21a11d139410VgnVCM1000008130110aRCRD&amp;vgnextchannel=a7bd84fbb7819410VgnVCM1000008130110aRCRD\"><strong>NTP\u2019s<\/strong><\/a><\/span><\/p>\n<ul>\n<li><span style=\"color: #808080;\"><a style=\"color: #808080;\" href=\"http:\/\/www.insht.es\/InshtWeb\/Contenidos\/Documentacion\/FichasTecnicas\/NTP\/Ficheros\/301a400\/ntp_355.pdf\">NTP 355: Fisiolog\u00eda del estr\u00e9s<\/a><\/span><\/li>\n<li><span style=\"color: #808080;\"><a style=\"color: #808080;\" href=\"http:\/\/www.insht.es\/InshtWeb\/Contenidos\/Documentacion\/FichasTecnicas\/NTP\/Ficheros\/401a500\/ntp_421.pdf\">NTP 421: \u201cTest de salud total\u201d de Langner-Amiel: su aplicaci\u00f3n en el contexto laboral<\/a><\/span><\/li>\n<li><span style=\"color: #808080;\"><a style=\"color: #808080;\" href=\"http:\/\/www.insht.es\/InshtWeb\/Contenidos\/Documentacion\/FichasTecnicas\/NTP\/Ficheros\/701a750\/ntp_730.pdf\">NTP 730: Tecnoestr\u00e9s: concepto, medida e intervenci\u00f3n psicosocial<\/a><\/span><\/li>\n<\/ul>\n<p><span style=\"color: #808080;\"><a style=\"color: #808080;\" href=\"http:\/\/www.insht.es\/portal\/site\/RiesgosPsicosociales\/menuitem.9edd36b2409535e681828b5c180311a0\/?vgnextoid=3e329096a6d29410VgnVCM1000008130110aRCRD&amp;vgnextchannel=993c84fbb7819410VgnVCM1000008130110aRCRD\"><strong>Manuales, Gu\u00edas<\/strong><\/a><strong>\u00a0y Publicaciones<\/strong><\/span><\/p>\n<ul>\n<li><span style=\"color: #808080;\"><a style=\"color: #808080;\" href=\"http:\/\/www.insht.es\/portal\/site\/Insht\/menuitem.1f1a3bc79ab34c578c2e8884060961ca\/?vgnextoid=a735e18edff76110VgnVCM100000dc0ca8c0RCRD&amp;vgnextchannel=b3ef6062b6763110VgnVCM100000dc0ca8c0RCRD\">Estr\u00e9s. Aspectos m\u00e9dicos (Vol. I y Vol. II)<\/a>\u00a0(INSSBT)<\/span><\/li>\n<li><span style=\"color: #808080;\"><a style=\"color: #808080;\" href=\"http:\/\/www.who.int\/occupational_health\/publications\/pwh3sp.pdf\">La organizaci\u00f3n del trabajo y del estr\u00e9s.<\/a>\u00a0OMS<\/span><\/li>\n<li><span style=\"color: #808080;\"><a style=\"color: #808080;\" href=\"http:\/\/www.insht.es\/InshtWeb\/Contenidos\/Documentacion\/CATALOGO%20DE%20PUBLICACIONES%20ONLINE\/FOLLETOS\/NOVEDADES%202011\/trip_estres.pdf\">\u00bfEs estresante mi trabajo?<\/a>\u00a0(INSSBT)<\/span><\/li>\n<li><span style=\"color: #808080;\"><a style=\"color: #808080;\" href=\"https:\/\/www.healthy-workplaces.eu\/es\/tools-and-resources\/a-guide-to-psychosocial-risks\">Gu\u00eda electr\u00f3nica para gestionar los riesgos psicosociales<\/a>\u00a0(AGE)<\/span><\/li>\n<li><span style=\"color: #808080;\"><a style=\"color: #808080;\" href=\"http:\/\/www.aeemt.com\/contenidos\/Recursos\/Guia_PSICOVS2012\/guia_PSICOVS2012.pdf\">Protocolo PSICOVS2012<\/a>. (OSALAN)<\/span><\/li>\n<li><span style=\"color: #808080;\"><a style=\"color: #808080;\" href=\"https:\/\/www.aspb.cat\/wp-content\/uploads\/2017\/02\/Guia_Riesgo_-psicosocial_breve.pdf\">Gu\u00eda de buena praxis para la vigilancia de la salud mental relacionada con los factores de riesgo psicosociales.<\/a>\u00a0INSSBT<\/span><\/li>\n<li><span style=\"color: #808080;\"><a style=\"color: #808080;\" href=\"http:\/\/www.ilo.org\/wcmsp5\/groups\/public\/---ed_protect\/---protrav\/---safework\/documents\/publication\/wcms_466549.pdf\">Estr\u00e9s en el trabajo. Un reto colectivo. OIT<\/a><\/span><\/li>\n<li><span style=\"color: #808080;\"><a style=\"color: #808080;\" href=\"http:\/\/www.larioja.org\/larioja-client\/cm\/relaciones-laborales\/images?idMmedia=647115\">Ficha informativa n\u00ba 5. El estr\u00e9s laboral y el burnout (IRSAL)<\/a><\/span><\/li>\n<\/ul>\n<\/td>\n<\/tr>\n<\/tbody>\n<\/table>\n<\/div>\n<p><span style=\"color: #808080;\"><strong><p class=\"collapseomatic \" id=\"id7303\"  tabindex=\"0\" title=\"Enlaces relacionados con la prevenci\u00f3n del estr\u00e9s laboral\"    >Enlaces relacionados con la prevenci\u00f3n del estr\u00e9s laboral<\/p><div id=\"target-id7303\" class=\"collapseomatic_content \"><\/strong><\/span><\/p>\n<table align=\"center\">\n<tbody>\n<tr>\n<td bgcolor=\"#ffffff\"><span style=\"color: #808080;\"><a style=\"color: #808080;\" href=\"http:\/\/www.insht.es\/portal\/site\/RiesgosPsicosociales\/menuitem.9edd36b2409535e681828b5c180311a0\/?vgnextoid=534a21a11d139410VgnVCM1000008130110aRCRD&amp;vgnextchannel=a7bd84fbb7819410VgnVCM1000008130110aRCRD\"><strong>NTP\u2019s<\/strong><\/a><\/span><\/p>\n<ul>\n<li><span style=\"color: #808080;\"><a style=\"color: #808080;\" href=\"http:\/\/www.insht.es\/InshtWeb\/Contenidos\/Documentacion\/FichasTecnicas\/NTP\/Ficheros\/301a400\/ntp_349.pdf\">NTP 349: Prevenci\u00f3n del estr\u00e9s: intervenci\u00f3n sobre el individuo<\/a><\/span><\/li>\n<li><span style=\"color: #808080;\"><a style=\"color: #808080;\" href=\"http:\/\/www.insht.es\/InshtWeb\/Contenidos\/Documentacion\/FichasTecnicas\/NTP\/Ficheros\/401a500\/ntp_438.pdf\">NTP 438: Prevenci\u00f3n del estr\u00e9s: intervenci\u00f3n sobre la organizaci\u00f3n<\/a><\/span><\/li>\n<li><span style=\"color: #808080;\"><a style=\"color: #808080;\" href=\"http:\/\/www.insht.es\/InshtWeb\/Contenidos\/Documentacion\/FichasTecnicas\/NTP\/Ficheros\/701a750\/ntp_730.pdf\">NTP 730: Tecnoestr\u00e9s: concepto, medida e intervenci\u00f3n psicosocial<\/a><\/span><\/li>\n<li><span style=\"color: #808080;\"><a style=\"color: #808080;\" href=\"http:\/\/www.insht.es\/InshtWeb\/Contenidos\/Documentacion\/FichasTecnicas\/NTP\/Ficheros\/401a500\/ntp_416.pdf\">NTP 416: Actitudes frente al cambio en trabajadores de edad avanzada<\/a><\/span><\/li>\n<li><span style=\"color: #808080;\"><a style=\"color: #808080;\" href=\"http:\/\/www.insht.es\/InshtWeb\/Contenidos\/Documentacion\/FichasTecnicas\/NTP\/Ficheros\/301a400\/ntp_367.pdf\">NTP 367: Envejecimiento y trabajo: la gesti\u00f3n de la edad<\/a><\/span><\/li>\n<\/ul>\n<p><span style=\"color: #808080;\"><a style=\"color: #808080;\" href=\"http:\/\/www.insht.es\/portal\/site\/RiesgosPsicosociales\/menuitem.9edd36b2409535e681828b5c180311a0\/?vgnextoid=3e329096a6d29410VgnVCM1000008130110aRCRD&amp;vgnextchannel=993c84fbb7819410VgnVCM1000008130110aRCRD\"><strong>Manuales, Gu\u00edas y Publicaciones<\/strong><\/a><\/span><\/p>\n<ul>\n<li><span style=\"color: #808080;\"><a style=\"color: #808080;\" href=\"http:\/\/www.who.int\/occupational_health\/publications\/pwh3sp.pdf\">La organizaci\u00f3n del trabajo y el estr\u00e9s<\/a>. OMS<\/span><\/li>\n<li><span style=\"color: #808080;\"><a style=\"color: #808080;\" href=\"https:\/\/osha.europa.eu\/es\/tools-and-publications\/publications\/reports\/309\">C\u00f3mo abordar los problemas psicosociales y reducir el estr\u00e9s relacionado con el trabajo. (AGE)<\/a><\/span><\/li>\n<li><span style=\"color: #808080;\"><a style=\"color: #808080;\" href=\"http:\/\/www.insht.es\/InshtWeb\/Contenidos\/Documentacion\/TextosOnline\/Rev_INSHT\/1999\/1\/seccionTecTextCompl.pdf\">El proceso de \u201cTecnoestr\u00e9s\u201d y estrategias para su prevenci\u00f3n. (I)<\/a>. Universidad de Valencia<\/span><\/li>\n<li><span style=\"color: #808080;\"><a style=\"color: #808080;\" href=\"http:\/\/www.insht.es\/InshtWeb\/Contenidos\/Documentacion\/TextosOnline\/Rev_INSHT\/1999\/2\/seccionTecTextCompl1.pdf\">El proceso de \u201cTecnoestr\u00e9s\u201d y estrategias para su prevenci\u00f3n. (II)<\/a>. Universidad de Valencia<\/span><\/li>\n<li><span style=\"color: #808080;\"><a style=\"color: #808080;\" href=\"http:\/\/www.insht.es\/InshtWeb\/Contenidos\/Documentacion\/TextosOnline\/ErgaPrimaria\/2004\/Numero11_2004.pdf\">Se trata de\u2026 el estr\u00e9s laboral<\/a>\u00a0(INSSBT)<\/span><\/li>\n<li><span style=\"color: #808080;\"><a style=\"color: #808080;\" href=\"https:\/\/osha.europa.eu\/es\/tools-and-publications\/publications\/reports\/104\">Prevenci\u00f3n de riesgos psicosociales y estr\u00e9s laboral en la pr\u00e1ctica. AGE<\/a><\/span><\/li>\n<li><span style=\"color: #808080;\"><a style=\"color: #808080;\" href=\"http:\/\/www.ilo.org\/wcmsp5\/groups\/public\/---dgreports\/---dcomm\/---publ\/documents\/publication\/wcms_251057.pdf\">La prevenci\u00f3n del estr\u00e9s en el trabajo. Lista de puntos de comprobaci\u00f3n. OIT<\/a><\/span><\/li>\n<\/ul>\n<p><span style=\"color: #808080;\"><strong>Enlaces interesantes<\/strong><\/span><\/p>\n<ul>\n<li><span style=\"color: #808080;\"><a style=\"color: #808080;\" href=\"http:\/\/www.ucm.es\/info\/seas\/index.htm\">Sociedad Espa\u00f1ola para el estudio de la Ansiedad y el Estr\u00e9s (SEAS)<\/a><\/span><\/li>\n<\/ul>\n<\/td>\n<\/tr>\n<\/tbody>\n<\/table>\n<\/div>\n<p><span style=\"color: #808080;\"><strong><p class=\"collapseomatic \" id=\"id9402\"  tabindex=\"0\" title=\"Enlaces relacionados con el Burnout\"    >Enlaces relacionados con el Burnout<\/p><div id=\"target-id9402\" class=\"collapseomatic_content \"><\/strong><\/span><\/p>\n<table align=\"center\">\n<tbody>\n<tr>\n<td bgcolor=\"#ffffff\"><span style=\"color: #808080;\"><a style=\"color: #808080;\" href=\"http:\/\/www.insht.es\/portal\/site\/RiesgosPsicosociales\/menuitem.9edd36b2409535e681828b5c180311a0\/?vgnextoid=10ef21a11d139410VgnVCM1000008130110aRCRD&amp;vgnextchannel=f8cd84fbb7819410VgnVCM1000008130110aRCRD\"><strong>NTP\u2019s<\/strong><\/a><\/span><\/p>\n<ul>\n<li><span style=\"color: #808080;\"><a style=\"color: #808080;\" href=\"http:\/\/www.insht.es\/InshtWeb\/Contenidos\/Documentacion\/FichasTecnicas\/NTP\/Ficheros\/701a750\/ntp_704.pdf\">NTP 704: S\u00edndrome de estar quemado por el trabajo o burnout (I): definici\u00f3n y proceso de generaci\u00f3n<\/a><\/span><\/li>\n<li><span style=\"color: #808080;\"><a style=\"color: #808080;\" href=\"http:\/\/www.insht.es\/InshtWeb\/Contenidos\/Documentacion\/FichasTecnicas\/NTP\/Ficheros\/701a750\/ntp_705.pdf\">NTP 705: S\u00edndrome de estar quemado por el trabajo o \u201cburnout\u201d (II): consecuencias, evaluaci\u00f3n y<\/a> prevenci\u00f3n.<\/span><\/li>\n<li><span style=\"color: #808080;\"><a style=\"color: #808080;\" href=\"http:\/\/www.insht.es\/InshtWeb\/Contenidos\/Documentacion\/FichasTecnicas\/NTP\/Ficheros\/701a750\/ntp_732.pdf\">NTP 732: S\u00edndrome de estar quemado por el trabajo \u201cBurnout\u201d (III): Instrumento de medici\u00f3n<\/a><\/span><\/li>\n<\/ul>\n<p><span style=\"color: #808080;\"><a style=\"color: #808080;\" href=\"http:\/\/www.insht.es\/portal\/site\/RiesgosPsicosociales\/menuitem.9edd36b2409535e681828b5c180311a0\/?vgnextoid=3e329096a6d29410VgnVCM1000008130110aRCRD&amp;vgnextchannel=993c84fbb7819410VgnVCM1000008130110aRCRD\"><strong>Manuales, Gu\u00edas<\/strong><\/a><strong> y Publicaciones <\/strong><\/span><\/p>\n<ul>\n<li><span style=\"color: #808080;\"><a style=\"color: #808080;\" href=\"http:\/\/www.insht.es\/InshtWeb\/Contenidos\/Documentacion\/TextosOnline\/Rev_INSHT\/2003\/28\/seccionTecTextCompl3.pdf\">\u00bfPor qu\u00e9 se est\u00e1n \u201cquemando\u201d los Profesores?<\/a> Universidad Jaume I de Castell\u00f3n<\/span><\/li>\n<li><span style=\"color: #808080;\"><a style=\"color: #808080;\" href=\"http:\/\/www.insht.es\/InshtWeb\/Contenidos\/Documentacion\/PUBLICACIONES%20PERIODICAS\/Rev_INSHT\/2012\/Numero%2067\/sst_67.pdf\">Mejora de la calidad de vida laboral y del servicio en el \u00e1mbito del transporte sanitario. Programa de evaluaci\u00f3n e intervenci\u00f3n. (INSSBT)<\/a><\/span><\/li>\n<\/ul>\n<\/td>\n<\/tr>\n<\/tbody>\n<\/table>\n<\/div>\n","protected":false},"excerpt":{"rendered":"<p>Seg\u00fan definici\u00f3n de la Comisi\u00f3n Europea, el estr\u00e9s relacionado con el trabajo puede definirse como un proceso caracterizado por un conjunto de reacciones emocionales, cognitivas, fisiol\u00f3gicas y del comportamiento, ante la percepci\u00f3n de determinados aspectos nocivos o adversos del contenido, la organizaci\u00f3n o el entorno de trabajo. Es un estado que se caracteriza por altos &hellip; <a href=\"https:\/\/prp.cepymearagon.es\/index.php\/estres-laboral\/\" class=\"more-link\">Sigue leyendo <span class=\"screen-reader-text\">Estr\u00e9s Laboral:<\/span><\/a><\/p>\n","protected":false},"author":1,"featured_media":0,"parent":0,"menu_order":0,"comment_status":"closed","ping_status":"closed","template":"templates\/full-width-page.php","meta":{"jetpack_post_was_ever_published":false,"footnotes":""},"class_list":["post-151","page","type-page","status-publish","hentry"],"jetpack_sharing_enabled":true,"jetpack_shortlink":"https:\/\/wp.me\/P7VpP2-2r","_links":{"self":[{"href":"https:\/\/prp.cepymearagon.es\/index.php\/wp-json\/wp\/v2\/pages\/151","targetHints":{"allow":["GET"]}}],"collection":[{"href":"https:\/\/prp.cepymearagon.es\/index.php\/wp-json\/wp\/v2\/pages"}],"about":[{"href":"https:\/\/prp.cepymearagon.es\/index.php\/wp-json\/wp\/v2\/types\/page"}],"author":[{"embeddable":true,"href":"https:\/\/prp.cepymearagon.es\/index.php\/wp-json\/wp\/v2\/users\/1"}],"replies":[{"embeddable":true,"href":"https:\/\/prp.cepymearagon.es\/index.php\/wp-json\/wp\/v2\/comments?post=151"}],"version-history":[{"count":13,"href":"https:\/\/prp.cepymearagon.es\/index.php\/wp-json\/wp\/v2\/pages\/151\/revisions"}],"predecessor-version":[{"id":321,"href":"https:\/\/prp.cepymearagon.es\/index.php\/wp-json\/wp\/v2\/pages\/151\/revisions\/321"}],"wp:attachment":[{"href":"https:\/\/prp.cepymearagon.es\/index.php\/wp-json\/wp\/v2\/media?parent=151"}],"curies":[{"name":"wp","href":"https:\/\/api.w.org\/{rel}","templated":true}]}}