{"id":140,"date":"2018-05-31T17:45:54","date_gmt":"2018-05-31T17:45:54","guid":{"rendered":"http:\/\/prp.cepymearagon.es\/?page_id=140"},"modified":"2018-06-06T08:16:32","modified_gmt":"2018-06-06T08:16:32","slug":"consecuencias","status":"publish","type":"page","link":"https:\/\/prp.cepymearagon.es\/index.php\/consecuencias\/","title":{"rendered":"Consecuencias:"},"content":{"rendered":"<p><span style=\"color: #333333;\">El trabajador ante la materializaci\u00f3n de los factores psicosociales puede padecer una serie de efectos negativos que afectar\u00e1n a un gran n\u00famero de aspectos de su vida cotidiana, no s\u00f3lo en su salud f\u00edsica y ps\u00edquica, sino tambi\u00e9n en sus relaciones sociales y familiares, con el evidente deterioro que igualmente se producir\u00e1 a nivel profesional.<\/span><\/p>\n<p><span style=\"color: #333333;\"><strong>Para el trabajador<\/strong>:<\/span><\/p>\n<ul>\n<li>E<span style=\"color: #333333;\">nfermedades cardiovasculares, alteraciones gastrointestinales, afecciones cut\u00e1neas, etc.<\/span><\/li>\n<li>Debilidad corporal, que puede acarrear desmayos, fatiga\u2026<\/li>\n<li><span style=\"color: #333333;\">Alteraciones de la conducta, de las capacidades cognitivas, emocionales, etc.<\/span><\/li>\n<li>Angustia e irritabilidad<\/li>\n<li>Falta de relajaci\u00f3n y concentraci\u00f3n.<\/li>\n<li>Dificultad de racionalizaci\u00f3n en la toma de decisiones.<\/li>\n<li>Falta de entrega, dedicaci\u00f3n y sentimiento de pertenencia en la organizaci\u00f3n.<\/li>\n<li>Sensaci\u00f3n de depresi\u00f3n constante.<\/li>\n<li>Insomnio.<\/li>\n<li>Desajustes en el sistema nervioso.<\/li>\n<li>Alcoholismo, bulimia\u2026<\/li>\n<li>Destrucci\u00f3n de la autoestima de la persona.<\/li>\n<\/ul>\n<p><span style=\"color: #333333;\"><strong>Relacionales:<\/strong><\/span><\/p>\n<ul>\n<li><span style=\"color: #333333;\">Inadaptaci\u00f3n a la relaci\u00f3n con el entorno: mayor susceptibilidad, hipersensibilidad a la cr\u00edtica, desconfianza, aislamiento y evitaci\u00f3n social, adem\u00e1s de una m\u00e1s que posible agresividad, hostilidad, cinismo o pesimismo.<\/span><\/li>\n<li><span style=\"color: #333333;\">Problemas de pareja, con la familia, amigos, etc.<\/span><\/li>\n<\/ul>\n<p><span style=\"color: #333333;\"><strong>Para la empresa:<\/strong><\/span><\/p>\n<ul>\n<li><span style=\"color: #333333;\">Aumento del absentismo.<\/span><\/li>\n<li><span style=\"color: #333333;\">Aumento de la siniestralidad laboral.<\/span><\/li>\n<li><span style=\"color: #333333;\">Deterioro de la calidad en los servicios o productos ofrecidos.<\/span><\/li>\n<li><span style=\"color: #333333;\">Descenso del rendimiento.<\/span><\/li>\n<li><span style=\"color: #333333;\">Reducci\u00f3n en los beneficios.<\/span><\/li>\n<li><span style=\"color: #333333;\">Degradaci\u00f3n del ambiente de trabajo.<\/span><\/li>\n<\/ul>\n<p><span style=\"color: #333333;\"><strong>Para la sociedad:<\/strong><\/span><\/p>\n<ul>\n<li>Los<span style=\"color: #333333;\"> costes derivados de las bajas, tanto por accidentes como por enfermedades, sus correspondientes tratamientos, suponen un gran coste para la sociedad.<\/span><\/li>\n<\/ul>\n","protected":false},"excerpt":{"rendered":"<p>El trabajador ante la materializaci\u00f3n de los factores psicosociales puede padecer una serie de efectos negativos que afectar\u00e1n a un gran n\u00famero de aspectos de su vida cotidiana, no s\u00f3lo en su salud f\u00edsica y ps\u00edquica, sino tambi\u00e9n en sus relaciones sociales y familiares, con el evidente deterioro que igualmente se producir\u00e1 a nivel profesional. &hellip; <a href=\"https:\/\/prp.cepymearagon.es\/index.php\/consecuencias\/\" class=\"more-link\">Sigue leyendo <span class=\"screen-reader-text\">Consecuencias:<\/span><\/a><\/p>\n","protected":false},"author":1,"featured_media":0,"parent":0,"menu_order":0,"comment_status":"closed","ping_status":"closed","template":"templates\/full-width-page.php","meta":{"jetpack_post_was_ever_published":false,"footnotes":""},"class_list":["post-140","page","type-page","status-publish","hentry"],"jetpack_sharing_enabled":true,"jetpack_shortlink":"https:\/\/wp.me\/P7VpP2-2g","_links":{"self":[{"href":"https:\/\/prp.cepymearagon.es\/index.php\/wp-json\/wp\/v2\/pages\/140","targetHints":{"allow":["GET"]}}],"collection":[{"href":"https:\/\/prp.cepymearagon.es\/index.php\/wp-json\/wp\/v2\/pages"}],"about":[{"href":"https:\/\/prp.cepymearagon.es\/index.php\/wp-json\/wp\/v2\/types\/page"}],"author":[{"embeddable":true,"href":"https:\/\/prp.cepymearagon.es\/index.php\/wp-json\/wp\/v2\/users\/1"}],"replies":[{"embeddable":true,"href":"https:\/\/prp.cepymearagon.es\/index.php\/wp-json\/wp\/v2\/comments?post=140"}],"version-history":[{"count":12,"href":"https:\/\/prp.cepymearagon.es\/index.php\/wp-json\/wp\/v2\/pages\/140\/revisions"}],"predecessor-version":[{"id":291,"href":"https:\/\/prp.cepymearagon.es\/index.php\/wp-json\/wp\/v2\/pages\/140\/revisions\/291"}],"wp:attachment":[{"href":"https:\/\/prp.cepymearagon.es\/index.php\/wp-json\/wp\/v2\/media?parent=140"}],"curies":[{"name":"wp","href":"https:\/\/api.w.org\/{rel}","templated":true}]}}